{"id":8048,"date":"2021-12-29T18:29:51","date_gmt":"2021-12-29T15:29:51","guid":{"rendered":"https:\/\/www.optikmedikal.com\/?post_type=product&#038;p=8048"},"modified":"2022-01-09T22:48:42","modified_gmt":"2022-01-09T19:48:42","slug":"volk-super-66","status":"publish","type":"product","link":"https:\/\/www.optikmedikal.com\/az\/urun\/volk-super-66\/","title":{"rendered":"Volk Super 66"},"content":{"rendered":"","protected":false},"excerpt":{"rendered":"<p><strong>\u018fsas T\u0259tbiq:<\/strong> Super 66\u00ae Kontakts\u0131z Yar\u0131q Lampa linzas\u0131n\u0131n \u0259sas t\u0259tbiqi m\u0259rk\u0259zi retinan\u0131n y\u00fcks\u0259k b\u00f6y\u00fcd\u00fcc\u00fc t\u0259sviridir ki, bu da inc\u0259 makula v\u0259 optik disk detallar\u0131n\u0131n 3D ayr\u0131-se\u00e7kiliyin\u0259 imkan verir. Bu g\u00fcn onlayn sifari\u015f edin.<\/p>\n<p><strong>X\u00fcsusiyy\u0259tl\u0259r v\u0259 \u00fcst\u00fcnl\u00fckl\u0259r:<\/strong><\/p>\n<ul>\n<li>Patentli ikiqat asferik \u015f\u00fc\u015f\u0259 optika t\u0259kmill\u0259\u015fdirilmi\u015f t\u0259sviri t\u0259min edir.<\/li>\n<li>Y\u00fcks\u0259k indeksli \u015f\u00fc\u015f\u0259 t\u0259kmill\u0259\u015fdirilmi\u015f stereopsis v\u0259 g\u00f6r\u00fcnt\u00fc ayd\u0131nl\u0131\u011f\u0131 t\u0259min edir.<\/li>\n<li>\u0130nc\u0259 makula v\u0259 optik disk detallar\u0131n\u0131n 3D ayr\u0131-se\u00e7kiliyini t\u0259min edir.<\/li>\n<li>1.0x b\u00f6y\u00fctm\u0259 optik diskin \u00f6l\u00e7\u00fclm\u0259sini asanla\u015fd\u0131r\u0131r.<\/li>\n<\/ul>\n","protected":false},"featured_media":7499,"template":"","meta":[],"product_brand":[],"product_cat":[278],"product_tag":[],"class_list":{"0":"post-8048","1":"product","2":"type-product","3":"status-publish","4":"has-post-thumbnail","6":"product_cat-super-seriyali-linzalar","8":"first","9":"instock","10":"shipping-taxable","11":"product-type-simple"},"_links":{"self":[{"href":"https:\/\/www.optikmedikal.com\/az\/wp-json\/wp\/v2\/product\/8048","targetHints":{"allow":["GET"]}}],"collection":[{"href":"https:\/\/www.optikmedikal.com\/az\/wp-json\/wp\/v2\/product"}],"about":[{"href":"https:\/\/www.optikmedikal.com\/az\/wp-json\/wp\/v2\/types\/product"}],"wp:featuredmedia":[{"embeddable":true,"href":"https:\/\/www.optikmedikal.com\/az\/wp-json\/wp\/v2\/media\/7499"}],"wp:attachment":[{"href":"https:\/\/www.optikmedikal.com\/az\/wp-json\/wp\/v2\/media?parent=8048"}],"wp:term":[{"taxonomy":"product_brand","embeddable":true,"href":"https:\/\/www.optikmedikal.com\/az\/wp-json\/wp\/v2\/product_brand?post=8048"},{"taxonomy":"product_cat","embeddable":true,"href":"https:\/\/www.optikmedikal.com\/az\/wp-json\/wp\/v2\/product_cat?post=8048"},{"taxonomy":"product_tag","embeddable":true,"href":"https:\/\/www.optikmedikal.com\/az\/wp-json\/wp\/v2\/product_tag?post=8048"}],"curies":[{"name":"wp","href":"https:\/\/api.w.org\/{rel}","templated":true}]}}