{"id":8050,"date":"2021-12-29T18:32:26","date_gmt":"2021-12-29T15:32:26","guid":{"rendered":"https:\/\/www.optikmedikal.com\/?post_type=product&#038;p=8050"},"modified":"2023-02-06T19:07:06","modified_gmt":"2023-02-06T16:07:06","slug":"volk-super-field","status":"publish","type":"product","link":"https:\/\/www.optikmedikal.com\/az\/urun\/volk-super-field\/","title":{"rendered":"Volk Super Field"},"content":{"rendered":"","protected":false},"excerpt":{"rendered":"<p><strong>\u018fsas T\u0259tbiq:<\/strong> SuperField NC\u00ae Yar\u0131q Lampa Lensi geni\u015f sah\u0259, torlu qi\u015fan\u0131n m\u00fcayin\u0259si, t\u0259kmill\u0259\u015fdirilmi\u015f stereopsis v\u0259 t\u0259svirin ayd\u0131nl\u0131\u011f\u0131n\u0131 t\u0259min ed\u0259n y\u00fcks\u0259k indeksli \u015f\u00fc\u015f\u0259ni \u00f6z\u00fcnd\u0259 birl\u0259\u015fdir\u0259n t\u0259kmill\u0259\u015fdirilmi\u015f 90 dioptr linzad\u0131r. Bu g\u00fcn onlayn sifari\u015f edin.<\/p>\n<p><strong>X\u00fcsusiyy\u0259tl\u0259r v\u0259 \u00dcst\u00fcnl\u00fckl\u0259r:<\/strong><\/p>\n<ul>\n<li>Patentli ikiqat asferik \u015f\u00fc\u015f\u0259 optika t\u0259kmill\u0259\u015fdirilmi\u015f t\u0259sviri t\u0259min edir.<\/li>\n<li>Y\u00fcks\u0259k indeksli \u015f\u00fc\u015f\u0259 t\u0259kmill\u0259\u015fdirilmi\u015f stereopsis v\u0259 g\u00f6r\u00fcnt\u00fc ayd\u0131nl\u0131\u011f\u0131 t\u0259min edir.<\/li>\n<li>&#8220;Super 90D&#8221;. Daha geni\u015f bax\u0131\u015f sah\u0259si il\u0259 eyni b\u00f6y\u00fctm\u0259<\/li>\n<li>\u00c7oxsayl\u0131 kontakt v\u0259 kontakts\u0131z se\u00e7iml\u0259ri olan universal lens<\/li>\n<li>R\u0259qab\u0259tli fundus linzalar\u0131 il\u0259 m\u00fcqayis\u0259d\u0259 artan i\u015f m\u0259saf\u0259si<\/li>\n<\/ul>\n","protected":false},"featured_media":7501,"template":"","meta":[],"product_brand":[],"product_cat":[278],"product_tag":[],"class_list":{"0":"post-8050","1":"product","2":"type-product","3":"status-publish","4":"has-post-thumbnail","6":"product_cat-super-seriyali-linzalar","8":"first","9":"instock","10":"shipping-taxable","11":"product-type-simple"},"_links":{"self":[{"href":"https:\/\/www.optikmedikal.com\/az\/wp-json\/wp\/v2\/product\/8050","targetHints":{"allow":["GET"]}}],"collection":[{"href":"https:\/\/www.optikmedikal.com\/az\/wp-json\/wp\/v2\/product"}],"about":[{"href":"https:\/\/www.optikmedikal.com\/az\/wp-json\/wp\/v2\/types\/product"}],"wp:featuredmedia":[{"embeddable":true,"href":"https:\/\/www.optikmedikal.com\/az\/wp-json\/wp\/v2\/media\/7501"}],"wp:attachment":[{"href":"https:\/\/www.optikmedikal.com\/az\/wp-json\/wp\/v2\/media?parent=8050"}],"wp:term":[{"taxonomy":"product_brand","embeddable":true,"href":"https:\/\/www.optikmedikal.com\/az\/wp-json\/wp\/v2\/product_brand?post=8050"},{"taxonomy":"product_cat","embeddable":true,"href":"https:\/\/www.optikmedikal.com\/az\/wp-json\/wp\/v2\/product_cat?post=8050"},{"taxonomy":"product_tag","embeddable":true,"href":"https:\/\/www.optikmedikal.com\/az\/wp-json\/wp\/v2\/product_tag?post=8050"}],"curies":[{"name":"wp","href":"https:\/\/api.w.org\/{rel}","templated":true}]}}