{"id":8052,"date":"2021-12-29T18:35:47","date_gmt":"2021-12-29T15:35:47","guid":{"rendered":"https:\/\/www.optikmedikal.com\/?post_type=product&#038;p=8052"},"modified":"2022-01-09T22:51:56","modified_gmt":"2022-01-09T19:51:56","slug":"volk-super-macula","status":"publish","type":"product","link":"https:\/\/www.optikmedikal.com\/az\/urun\/volk-super-macula\/","title":{"rendered":"Volk Super Macula"},"content":{"rendered":"","protected":false},"excerpt":{"rendered":"<p><strong>\u018fsas T\u0259tbiq:<\/strong> Arxa Q\u00fctbd\u0259 Ultra Y\u00fcks\u0259k B\u00f6y\u00fctm\u0259 G\u00f6r\u00fcn\u00fc\u015f\u00fc v\u0259 M\u00fcalic\u0259si<\/p>\n<p><strong>X\u00fcsusiyy\u0259tl\u0259r v\u0259 \u00fcst\u00fcnl\u00fckl\u0259r:<\/strong><\/p>\n<ul>\n<li>Patentli ikiqat asferik \u015f\u00fc\u015f\u0259 optika t\u0259kmill\u0259\u015fdirilmi\u015f t\u0259sviri t\u0259min edir.<\/li>\n<li>Fokus \/ \u015f\u0259b\u0259k\u0259 lazer terapiyas\u0131 \u00fc\u00e7\u00fcn ideald\u0131r<\/li>\n<li>H\u0259r hans\u0131 dolay\u0131 kontakt linzan\u0131n arxa q\u00fctb\u00fcn\u00fcn \u0259n y\u00fcks\u0259k b\u00f6y\u00fcd\u00fclm\u00fc\u015f g\u00f6r\u00fcnt\u00fcs\u00fc<\/li>\n<li>Optik sinir ba\u015f\u0131n\u0131n v\u0259 makulan\u0131n kritik qiym\u0259tl\u0259ndirilm\u0259si \u00fc\u00e7\u00fcn \u0259lad\u0131r<\/li>\n<\/ul>\n","protected":false},"featured_media":7504,"template":"","meta":[],"product_brand":[],"product_cat":[276],"product_tag":[],"class_list":{"0":"post-8052","1":"product","2":"type-product","3":"status-publish","4":"has-post-thumbnail","6":"product_cat-dolayi-crrahi-linzalar","8":"first","9":"instock","10":"shipping-taxable","11":"product-type-simple"},"_links":{"self":[{"href":"https:\/\/www.optikmedikal.com\/az\/wp-json\/wp\/v2\/product\/8052","targetHints":{"allow":["GET"]}}],"collection":[{"href":"https:\/\/www.optikmedikal.com\/az\/wp-json\/wp\/v2\/product"}],"about":[{"href":"https:\/\/www.optikmedikal.com\/az\/wp-json\/wp\/v2\/types\/product"}],"wp:featuredmedia":[{"embeddable":true,"href":"https:\/\/www.optikmedikal.com\/az\/wp-json\/wp\/v2\/media\/7504"}],"wp:attachment":[{"href":"https:\/\/www.optikmedikal.com\/az\/wp-json\/wp\/v2\/media?parent=8052"}],"wp:term":[{"taxonomy":"product_brand","embeddable":true,"href":"https:\/\/www.optikmedikal.com\/az\/wp-json\/wp\/v2\/product_brand?post=8052"},{"taxonomy":"product_cat","embeddable":true,"href":"https:\/\/www.optikmedikal.com\/az\/wp-json\/wp\/v2\/product_cat?post=8052"},{"taxonomy":"product_tag","embeddable":true,"href":"https:\/\/www.optikmedikal.com\/az\/wp-json\/wp\/v2\/product_tag?post=8052"}],"curies":[{"name":"wp","href":"https:\/\/api.w.org\/{rel}","templated":true}]}}