{"id":8056,"date":"2021-12-29T18:43:36","date_gmt":"2021-12-29T15:43:36","guid":{"rendered":"https:\/\/www.optikmedikal.com\/?post_type=product&#038;p=8056"},"modified":"2022-01-09T19:52:07","modified_gmt":"2022-01-09T16:52:07","slug":"volk-super-pupil-xl","status":"publish","type":"product","link":"https:\/\/www.optikmedikal.com\/az\/urun\/volk-super-pupil-xl\/","title":{"rendered":"Volk Super Pupil XL"},"content":{"rendered":"","protected":false},"excerpt":{"rendered":"<p><strong>\u0130lkin T\u0259tbiq:<\/strong> Ki\u00e7ik g\u00f6z b\u0259b\u0259yinin tor qi\u015fas\u0131n\u0131n panoramik m\u00fcayin\u0259si<\/p>\n<p><strong>X\u00fcsusiyy\u0259tl\u0259r v\u0259 \u00dcst\u00fcnl\u00fckl\u0259r:<\/strong><\/p>\n<ul>\n<li>Patentli ikiqat asferik \u015f\u00fc\u015f\u0259 optika t\u0259kmill\u0259\u015fdirilmi\u015f t\u0259sviri t\u0259min edir.<\/li>\n<li>Y\u00fcks\u0259k indeksli \u015f\u00fc\u015f\u0259 t\u0259kmill\u0259\u015fdirilmi\u015f stereopsis v\u0259 g\u00f6r\u00fcnt\u00fc ayd\u0131nl\u0131\u011f\u0131 t\u0259min edir.<\/li>\n<li>1-2 mm kimi ki\u00e7ik g\u00f6z b\u0259b\u0259yi il\u0259 optimal ki\u00e7ik g\u00f6z b\u0259b\u0259yi tutumu<\/li>\n<li>Miotik g\u00f6zl\u0259ri olan diabet x\u0259st\u0259l\u0259ri \u00fc\u00e7\u00fcn m\u00fck\u0259mm\u0259ldir<\/li>\n<\/ul>\n","protected":false},"featured_media":7502,"template":"","meta":[],"product_brand":[],"product_cat":[278],"product_tag":[],"class_list":{"0":"post-8056","1":"product","2":"type-product","3":"status-publish","4":"has-post-thumbnail","6":"product_cat-super-seriyali-linzalar","8":"first","9":"instock","10":"shipping-taxable","11":"product-type-simple"},"_links":{"self":[{"href":"https:\/\/www.optikmedikal.com\/az\/wp-json\/wp\/v2\/product\/8056","targetHints":{"allow":["GET"]}}],"collection":[{"href":"https:\/\/www.optikmedikal.com\/az\/wp-json\/wp\/v2\/product"}],"about":[{"href":"https:\/\/www.optikmedikal.com\/az\/wp-json\/wp\/v2\/types\/product"}],"wp:featuredmedia":[{"embeddable":true,"href":"https:\/\/www.optikmedikal.com\/az\/wp-json\/wp\/v2\/media\/7502"}],"wp:attachment":[{"href":"https:\/\/www.optikmedikal.com\/az\/wp-json\/wp\/v2\/media?parent=8056"}],"wp:term":[{"taxonomy":"product_brand","embeddable":true,"href":"https:\/\/www.optikmedikal.com\/az\/wp-json\/wp\/v2\/product_brand?post=8056"},{"taxonomy":"product_cat","embeddable":true,"href":"https:\/\/www.optikmedikal.com\/az\/wp-json\/wp\/v2\/product_cat?post=8056"},{"taxonomy":"product_tag","embeddable":true,"href":"https:\/\/www.optikmedikal.com\/az\/wp-json\/wp\/v2\/product_tag?post=8056"}],"curies":[{"name":"wp","href":"https:\/\/api.w.org\/{rel}","templated":true}]}}