{"id":8058,"date":"2021-12-29T18:51:00","date_gmt":"2021-12-29T15:51:00","guid":{"rendered":"https:\/\/www.optikmedikal.com\/?post_type=product&#038;p=8058"},"modified":"2022-01-09T19:50:44","modified_gmt":"2022-01-09T16:50:44","slug":"volk-super-vitreofundus","status":"publish","type":"product","link":"https:\/\/www.optikmedikal.com\/az\/urun\/volk-super-vitreofundus\/","title":{"rendered":"Volk Super Vitreofundus"},"content":{"rendered":"","protected":false},"excerpt":{"rendered":"<p><strong>\u0130lkin T\u0259tbiq:<\/strong> Geni\u015f bax\u0131\u015f sah\u0259si, h\u0259rt\u0259r\u0259fli retinal m\u00fcayin\u0259 v\u0259 ki\u00e7ik g\u00f6z b\u0259b\u0259yi se\u00e7imi<\/p>\n<p><strong>X\u00fcsusiyy\u0259tl\u0259r v\u0259 \u00dcst\u00fcnl\u00fckl\u0259r:<\/strong><\/p>\n<ul>\n<li>Patentli ikiqat asferik \u015f\u00fc\u015f\u0259 optika t\u0259kmill\u0259\u015fdirilmi\u015f t\u0259sviri t\u0259min edir.<\/li>\n<li>Y\u00fcks\u0259k indeksli \u015f\u00fc\u015f\u0259 t\u0259kmill\u0259\u015fdirilmi\u015f stereopsis v\u0259 g\u00f6r\u00fcnt\u00fc ayd\u0131nl\u0131\u011f\u0131 t\u0259min edir.<\/li>\n<li>Kontakts\u0131z lensd\u0259 burul\u011fan tarixini g\u00f6st\u0259r\u0259n \u0259n geni\u015f bax\u0131\u015f sah\u0259si<\/li>\n<li>3-4 mm-lik g\u00f6z b\u0259b\u0259yi say\u0259sind\u0259 m\u00fck\u0259mm\u0259l ki\u00e7ik g\u00f6z b\u0259b\u0259yi qabiliyy\u0259ti<\/li>\n<\/ul>\n","protected":false},"featured_media":7500,"template":"","meta":[],"product_brand":[],"product_cat":[278],"product_tag":[],"class_list":{"0":"post-8058","1":"product","2":"type-product","3":"status-publish","4":"has-post-thumbnail","6":"product_cat-super-seriyali-linzalar","8":"first","9":"instock","10":"shipping-taxable","11":"product-type-simple"},"_links":{"self":[{"href":"https:\/\/www.optikmedikal.com\/az\/wp-json\/wp\/v2\/product\/8058","targetHints":{"allow":["GET"]}}],"collection":[{"href":"https:\/\/www.optikmedikal.com\/az\/wp-json\/wp\/v2\/product"}],"about":[{"href":"https:\/\/www.optikmedikal.com\/az\/wp-json\/wp\/v2\/types\/product"}],"wp:featuredmedia":[{"embeddable":true,"href":"https:\/\/www.optikmedikal.com\/az\/wp-json\/wp\/v2\/media\/7500"}],"wp:attachment":[{"href":"https:\/\/www.optikmedikal.com\/az\/wp-json\/wp\/v2\/media?parent=8058"}],"wp:term":[{"taxonomy":"product_brand","embeddable":true,"href":"https:\/\/www.optikmedikal.com\/az\/wp-json\/wp\/v2\/product_brand?post=8058"},{"taxonomy":"product_cat","embeddable":true,"href":"https:\/\/www.optikmedikal.com\/az\/wp-json\/wp\/v2\/product_cat?post=8058"},{"taxonomy":"product_tag","embeddable":true,"href":"https:\/\/www.optikmedikal.com\/az\/wp-json\/wp\/v2\/product_tag?post=8058"}],"curies":[{"name":"wp","href":"https:\/\/api.w.org\/{rel}","templated":true}]}}