{"id":13728,"date":"2025-04-18T15:55:20","date_gmt":"2025-04-18T12:55:20","guid":{"rendered":"https:\/\/www.optikmedikal.com\/?page_id=13728"},"modified":"2025-04-18T15:58:56","modified_gmt":"2025-04-18T12:58:56","slug":"congresses","status":"publish","type":"page","link":"https:\/\/www.optikmedikal.com\/en\/congresses\/","title":{"rendered":"Congresses"},"content":{"rendered":"<p>[vc_row rt_row_background_width=&#8221;fullwidth&#8221; rt_row_content_width=&#8221;default&#8221; rt_row_style=&#8221;default-style&#8221; rt_row_height=&#8221;&#8221; rt_column_gaps=&#8221;&#8221; rt_row_shadows=&#8221;&#8221; rt_row_borders=&#8221;&#8221; rt_bg_effect=&#8221;classic&#8221; rt_bg_image_repeat=&#8221;repeat&#8221; rt_bg_size=&#8221;cover&#8221; rt_bg_position=&#8221;right top&#8221; rt_bg_attachment=&#8221;scroll&#8221; rt_bg_layer=&#8221;&#8221; rt_bg_video_format=&#8221;self-hosted&#8221;][vc_column rt_bg_effect=&#8221;classic&#8221; rt_bg_image_repeat=&#8221;repeat&#8221; rt_bg_size=&#8221;auto auto&#8221; rt_bg_position=&#8221;right top&#8221; rt_bg_attachment=&#8221;scroll&#8221;][rt_timeline style=&#8221;style-1&#8243;][rt_tl_event day=&#8221;9-11&#8243; month=&#8221;May&#8221; year=&#8221;2025&#8243; title=&#8221;TOD 47.Bahar Sempozyumu&#8221;]Istanbul[\/rt_tl_event][rt_tl_event title=&#8221;3.Oftalmoloji Hem\u015fireler Kongresi&#8221; day=&#8221;16-18&#8243; month=&#8221;May&#8221; year=&#8221;2025&#8243;]Radisson Blu,\u015ei\u015fli<\/p>\n<p>[\/rt_tl_event][rt_tl_event day=&#8221;28 May -&#8221; month=&#8221;1 June&#8221; year=&#8221;2025&#8243; title=&#8221;TOD 9.Canl\u0131 Cerrahi Sempozyumu&#8221;]Bilkent Otel , Ankara[\/rt_tl_event][rt_tl_event day=&#8221;12-16&#8243; month=&#8221;September&#8221; year=&#8221;2015&#8243; title=&#8221;43.ESCRS 2025&#8243;]Bella Center Kopenhak, Danimarka[\/rt_tl_event][rt_tl_event title=&#8221;AAO 2025&#8243; day=&#8221;17-20&#8243; month=&#8221;December&#8221; year=&#8221;2025&#8243;]Orlando, Florida<\/p>\n<p>[\/rt_tl_event][rt_tl_event title=&#8221;59.TOD Ulusal Kongre&#8221; day=&#8221;17-23&#8243; month=&#8221;November&#8221; year=&#8221;2025&#8243;]Antalya , Rixos Sungate<\/p>\n<p>[\/rt_tl_event][\/rt_timeline][\/vc_column][\/vc_row]<\/p>\n","protected":false},"excerpt":{"rendered":"<p>[vc_row rt_row_background_width=&#8221;fullwidth&#8221; rt_row_content_width=&#8221;default&#8221; rt_row_style=&#8221;default-style&#8221; rt_row_height=&#8221;&#8221; rt_column_gaps=&#8221;&#8221; rt_row_shadows=&#8221;&#8221; rt_row_borders=&#8221;&#8221; rt_bg_effect=&#8221;classic&#8221; rt_bg_image_repeat=&#8221;repeat&#8221; rt_bg_size=&#8221;cover&#8221; rt_bg_position=&#8221;right top&#8221; rt_bg_attachment=&#8221;scroll&#8221; rt_bg_layer=&#8221;&#8221; rt_bg_video_format=&#8221;self-hosted&#8221;][vc_column rt_bg_effect=&#8221;classic&#8221; rt_bg_image_repeat=&#8221;repeat&#8221; rt_bg_size=&#8221;auto auto&#8221; rt_bg_position=&#8221;right top&#8221; rt_bg_attachment=&#8221;scroll&#8221;][rt_timeline style=&#8221;style-1&#8243;][rt_tl_event day=&#8221;9-11&#8243; month=&#8221;May&#8221; year=&#8221;2025&#8243; title=&#8221;TOD 47.Bahar Sempozyumu&#8221;]Istanbul[\/rt_tl_event][rt_tl_event title=&#8221;3.Oftalmoloji Hem\u015fireler Kongresi&#8221; day=&#8221;16-18&#8243; month=&#8221;May&#8221; year=&#8221;2025&#8243;]Radisson Blu,\u015ei\u015fli [\/rt_tl_event][rt_tl_event day=&#8221;28 May -&#8221; month=&#8221;1 June&#8221; year=&#8221;2025&#8243; title=&#8221;TOD 9.Canl\u0131 Cerrahi Sempozyumu&#8221;]Bilkent Otel , Ankara[\/rt_tl_event][rt_tl_event day=&#8221;12-16&#8243; month=&#8221;September&#8221; year=&#8221;2015&#8243; title=&#8221;43.ESCRS 2025&#8243;]Bella Center Kopenhak, Danimarka[\/rt_tl_event][rt_tl_event title=&#8221;AAO 2025&#8243; day=&#8221;17-20&#8243; month=&#8221;December&#8221; year=&#8221;2025&#8243;]Orlando, Florida [\/rt_tl_event][rt_tl_event title=&#8221;59.TOD Ulusal Kongre&#8221; day=&#8221;17-23&#8243; month=&#8221;November&#8221; year=&#8221;2025&#8243;]Antalya , Rixos Sungate [\/rt_tl_event][\/rt_timeline][\/vc_column][\/vc_row]<\/p>\n","protected":false},"author":3,"featured_media":0,"parent":0,"menu_order":0,"comment_status":"closed","ping_status":"closed","template":"","meta":{"footnotes":""},"class_list":["post-13728","page","type-page","status-publish","hentry"],"_links":{"self":[{"href":"https:\/\/www.optikmedikal.com\/en\/wp-json\/wp\/v2\/pages\/13728","targetHints":{"allow":["GET"]}}],"collection":[{"href":"https:\/\/www.optikmedikal.com\/en\/wp-json\/wp\/v2\/pages"}],"about":[{"href":"https:\/\/www.optikmedikal.com\/en\/wp-json\/wp\/v2\/types\/page"}],"author":[{"embeddable":true,"href":"https:\/\/www.optikmedikal.com\/en\/wp-json\/wp\/v2\/users\/3"}],"replies":[{"embeddable":true,"href":"https:\/\/www.optikmedikal.com\/en\/wp-json\/wp\/v2\/comments?post=13728"}],"version-history":[{"count":3,"href":"https:\/\/www.optikmedikal.com\/en\/wp-json\/wp\/v2\/pages\/13728\/revisions"}],"predecessor-version":[{"id":13733,"href":"https:\/\/www.optikmedikal.com\/en\/wp-json\/wp\/v2\/pages\/13728\/revisions\/13733"}],"wp:attachment":[{"href":"https:\/\/www.optikmedikal.com\/en\/wp-json\/wp\/v2\/media?parent=13728"}],"curies":[{"name":"wp","href":"https:\/\/api.w.org\/{rel}","templated":true}]}}