{"id":5242,"date":"2019-04-30T13:35:49","date_gmt":"2019-04-30T10:35:49","guid":{"rendered":"http:\/\/www.optikmedikal.com\/kurumsal\/"},"modified":"2022-03-08T13:12:36","modified_gmt":"2022-03-08T10:12:36","slug":"corporate","status":"publish","type":"page","link":"https:\/\/www.optikmedikal.com\/en\/corporate\/","title":{"rendered":"Corporate"},"content":{"rendered":"<p>[vc_row rt_row_background_width=&#8221;fullwidth&#8221; rt_row_content_width=&#8221;default&#8221; rt_row_style=&#8221;default-style&#8221; rt_row_height=&#8221;&#8221; rt_column_gaps=&#8221;&#8221; rt_row_shadows=&#8221;&#8221; rt_row_borders=&#8221;&#8221; rt_bg_effect=&#8221;classic&#8221; rt_bg_image_repeat=&#8221;repeat&#8221; rt_bg_size=&#8221;cover&#8221; rt_bg_position=&#8221;right top&#8221; rt_bg_attachment=&#8221;scroll&#8221; rt_bg_layer=&#8221;&#8221; rt_bg_video_format=&#8221;self-hosted&#8221;][vc_column width=&#8221;1\/2&#8243; rt_bg_effect=&#8221;classic&#8221; rt_bg_image_repeat=&#8221;repeat&#8221; rt_bg_size=&#8221;auto auto&#8221; rt_bg_position=&#8221;right top&#8221; rt_bg_attachment=&#8221;scroll&#8221;][vc_column_text]We are able to meet all needs from A to Z, which may be needed by an eye clinic on demand, and realize customer-oriented projects.<\/p>\n<p>OPTIK MEDIKAL, one of the oldest companies in Turkey over 50 years in ophthalmology and optical markets. OPTIK MEDIKAL is exclusive distributor representative of the world&#8217;s leading ophthalmology equipment manufacturers in Turkey. Our company is proud to be the most preferred company in major health investments in Turkey.<\/p>\n<p>In all Turkey&#8217;s major health investments, it is possible to see the signature of OPTIK MEDIKAL.<\/p>\n<p>Almost all reputable universities, public and private hospitals of our country are included in the reference list of OPT\u0130K MED\u0130KAL. Our main references are; D\u00fcnyaG\u00f6z Hospitals (WorldEye Hospitals), Ac\u0131badem Hospitals, Medical Park Hospitals, Memorial Hospitals, Florance Nightingale Hospitals, Bay\u0131nd\u0131r Hospital, American Hospital, German Hospital, \u0130stanbul University Cerrahpa\u015fa Medical Faculty Education Research Hospital, \u0130zmir Kent Hospital, Ba\u015fkent University Hospital, Fatih University Hospital , Mersin UniversityHospital , \u00c7ukurova University Hospital, All Hospitals of Foundation Headquarters of G\u00f6z Nurunu Koruma Vakf\u0131[\/vc_column_text][\/vc_column][vc_column width=&#8221;1\/2&#8243; rt_bg_effect=&#8221;classic&#8221; rt_bg_image_repeat=&#8221;repeat&#8221; rt_bg_size=&#8221;auto auto&#8221; rt_bg_position=&#8221;right top&#8221; rt_bg_attachment=&#8221;scroll&#8221;][vc_single_image image=&#8221;8592&#8243; img_size=&#8221;full&#8221; alignment=&#8221;center&#8221;][\/vc_column][\/vc_row][vc_row rt_row_background_width=&#8221;fullwidth&#8221; rt_row_content_width=&#8221;default&#8221; rt_row_style=&#8221;default-style&#8221; rt_row_height=&#8221;&#8221; rt_column_gaps=&#8221;&#8221; rt_row_shadows=&#8221;&#8221; rt_row_borders=&#8221;&#8221; rt_bg_effect=&#8221;classic&#8221; rt_bg_image_repeat=&#8221;repeat&#8221; rt_bg_size=&#8221;cover&#8221; rt_bg_position=&#8221;right top&#8221; rt_bg_attachment=&#8221;scroll&#8221; rt_bg_layer=&#8221;&#8221; rt_bg_video_format=&#8221;self-hosted&#8221; rt_class=&#8221;rt-4411977&#8243; rt_paddings=&#8221;35,35,,&#8221; rt_margins=&#8221;,,,&#8221; rt_content_margins=&#8221;,,,&#8221; rt_tablet_paddings=&#8221;,,,&#8221; rt_tablet_margins=&#8221;,,,&#8221; rt_tablet_content_margins=&#8221;,,,&#8221; rt_sp_paddings=&#8221;,,,&#8221; rt_sp_margins=&#8221;,,,&#8221; rt_sp_content_margins=&#8221;,,,&#8221;][vc_column width=&#8221;1\/3&#8243; rt_bg_effect=&#8221;classic&#8221; rt_bg_image_repeat=&#8221;repeat&#8221; rt_bg_size=&#8221;auto auto&#8221; rt_bg_position=&#8221;right top&#8221; rt_bg_attachment=&#8221;scroll&#8221;][vc_single_image image=&#8221;8594&#8243; img_size=&#8221;full&#8221;][rt_heading style=&#8221;style-1&#8243; size=&#8221;h3&#8243; font_color_type=&#8221;primary&#8221; font=&#8221;&#8221; custom_font_size=&#8221;&#8221; link=&#8221;&#8221; link_open=&#8221;_self&#8221; rt_class=&#8221;rt-3809208&#8243; punchline=&#8221;&#8221;]WHO ARE WE ?[\/rt_heading][vc_column_text]OPTIK MEDIKAL is following the latest technological developments in the world. Developed for eye clinics and used in Europe and the United States; CAD (Computer Aided Computer Aided Ophthalmology Ophthalmology; IMAGEnet i-base) is engaged in the marketing of their programs in Turkey over 50y.[\/vc_column_text][\/vc_column][vc_column width=&#8221;1\/3&#8243; rt_bg_effect=&#8221;classic&#8221; rt_bg_image_repeat=&#8221;repeat&#8221; rt_bg_size=&#8221;auto auto&#8221; rt_bg_position=&#8221;right top&#8221; rt_bg_attachment=&#8221;scroll&#8221;][vc_single_image image=&#8221;8596&#8243; img_size=&#8221;full&#8221;][rt_heading style=&#8221;style-1&#8243; size=&#8221;h3&#8243; font_color_type=&#8221;primary&#8221; font=&#8221;&#8221; custom_font_size=&#8221;&#8221; link=&#8221;&#8221; link_open=&#8221;_self&#8221; rt_class=&#8221;rt-6729475&#8243; punchline=&#8221;&#8221;]OUR VISION[\/rt_heading][vc_column_text]To bring our specialized teams together with our valuable customers; The most rational, simple and accurate project is to present to you. To be a company that provides reliable solutions in all conditions to its customers by targeting business excellence ..[\/vc_column_text][\/vc_column][vc_column width=&#8221;1\/3&#8243; rt_bg_effect=&#8221;classic&#8221; rt_bg_image_repeat=&#8221;repeat&#8221; rt_bg_size=&#8221;auto auto&#8221; rt_bg_position=&#8221;right top&#8221; rt_bg_attachment=&#8221;scroll&#8221;][vc_single_image image=&#8221;8598&#8243; img_size=&#8221;full&#8221;][rt_heading style=&#8221;style-1&#8243; size=&#8221;h3&#8243; font_color_type=&#8221;primary&#8221; font=&#8221;&#8221; custom_font_size=&#8221;&#8221; link=&#8221;&#8221; link_open=&#8221;_self&#8221; rt_class=&#8221;rt-2139244&#8243; punchline=&#8221;&#8221;]OUR MISSION[\/rt_heading][vc_column_text]To ensure that Optik Medikal is the pioneer in introducing new products including advanced technology to the market and the first choice in meeting the demands and to maximize the service quality of our company. Our aim is to meet customer demands completely and to increase customer satisfaction.[\/vc_column_text][\/vc_column][\/vc_row]<\/p>\n","protected":false},"excerpt":{"rendered":"<p>[vc_row rt_row_background_width=&#8221;fullwidth&#8221; rt_row_content_width=&#8221;default&#8221; rt_row_style=&#8221;default-style&#8221; rt_row_height=&#8221;&#8221; rt_column_gaps=&#8221;&#8221; rt_row_shadows=&#8221;&#8221; rt_row_borders=&#8221;&#8221; rt_bg_effect=&#8221;classic&#8221; rt_bg_image_repeat=&#8221;repeat&#8221; rt_bg_size=&#8221;cover&#8221; rt_bg_position=&#8221;right top&#8221; rt_bg_attachment=&#8221;scroll&#8221; rt_bg_layer=&#8221;&#8221; rt_bg_video_format=&#8221;self-hosted&#8221;][vc_column width=&#8221;1\/2&#8243; rt_bg_effect=&#8221;classic&#8221; rt_bg_image_repeat=&#8221;repeat&#8221; rt_bg_size=&#8221;auto auto&#8221; rt_bg_position=&#8221;right top&#8221; rt_bg_attachment=&#8221;scroll&#8221;][vc_column_text]We are able to meet all needs from A to Z, which may be needed by an eye clinic on demand, and realize customer-oriented projects. OPTIK MEDIKAL, one of the oldest companies in Turkey over 50 years in ophthalmology and optical markets. OPTIK MEDIKAL is exclusive distributor representative of the world&#8217;s leading ophthalmology equipment manufacturers in Turkey. Our company is proud to be the most preferred company in major health investments in Turkey. In all Turkey&#8217;s major health investments, it is possible to see the signature of OPTIK MEDIKAL. Almost all reputable universities, public and private hospitals of our country are included in the reference list of OPT\u0130K MED\u0130KAL. Our main references are; D\u00fcnyaG\u00f6z Hospitals (WorldEye Hospitals), Ac\u0131badem Hospitals, Medical Park Hospitals, Memorial Hospitals, Florance Nightingale Hospitals, Bay\u0131nd\u0131r Hospital, American Hospital, German Hospital, \u0130stanbul University Cerrahpa\u015fa Medical Faculty Education Research Hospital, \u0130zmir Kent Hospital, Ba\u015fkent University Hospital, Fatih University Hospital , Mersin UniversityHospital , \u00c7ukurova University Hospital, All Hospitals of Foundation Headquarters of G\u00f6z Nurunu Koruma Vakf\u0131[\/vc_column_text][\/vc_column][vc_column width=&#8221;1\/2&#8243; rt_bg_effect=&#8221;classic&#8221; rt_bg_image_repeat=&#8221;repeat&#8221; rt_bg_size=&#8221;auto auto&#8221; rt_bg_position=&#8221;right top&#8221; rt_bg_attachment=&#8221;scroll&#8221;][vc_single_image image=&#8221;8592&#8243; img_size=&#8221;full&#8221; alignment=&#8221;center&#8221;][\/vc_column][\/vc_row][vc_row rt_row_background_width=&#8221;fullwidth&#8221; rt_row_content_width=&#8221;default&#8221; rt_row_style=&#8221;default-style&#8221; rt_row_height=&#8221;&#8221; rt_column_gaps=&#8221;&#8221; rt_row_shadows=&#8221;&#8221; rt_row_borders=&#8221;&#8221; rt_bg_effect=&#8221;classic&#8221; rt_bg_image_repeat=&#8221;repeat&#8221; rt_bg_size=&#8221;cover&#8221; rt_bg_position=&#8221;right top&#8221; rt_bg_attachment=&#8221;scroll&#8221; rt_bg_layer=&#8221;&#8221; rt_bg_video_format=&#8221;self-hosted&#8221; rt_class=&#8221;rt-4411977&#8243; rt_paddings=&#8221;35,35,,&#8221; rt_margins=&#8221;,,,&#8221; rt_content_margins=&#8221;,,,&#8221; rt_tablet_paddings=&#8221;,,,&#8221; rt_tablet_margins=&#8221;,,,&#8221; rt_tablet_content_margins=&#8221;,,,&#8221; rt_sp_paddings=&#8221;,,,&#8221; rt_sp_margins=&#8221;,,,&#8221; rt_sp_content_margins=&#8221;,,,&#8221;][vc_column width=&#8221;1\/3&#8243; rt_bg_effect=&#8221;classic&#8221; rt_bg_image_repeat=&#8221;repeat&#8221; rt_bg_size=&#8221;auto auto&#8221; rt_bg_position=&#8221;right top&#8221; rt_bg_attachment=&#8221;scroll&#8221;][vc_single_image image=&#8221;8594&#8243; img_size=&#8221;full&#8221;][rt_heading style=&#8221;style-1&#8243; size=&#8221;h3&#8243; font_color_type=&#8221;primary&#8221; font=&#8221;&#8221; custom_font_size=&#8221;&#8221; link=&#8221;&#8221; link_open=&#8221;_self&#8221; rt_class=&#8221;rt-3809208&#8243; punchline=&#8221;&#8221;]WHO ARE WE ?[\/rt_heading][vc_column_text]OPTIK MEDIKAL is following the latest technological developments in the world. Developed for eye clinics and used in Europe and the United States; CAD (Computer Aided Computer Aided Ophthalmology Ophthalmology; IMAGEnet i-base) is engaged in the marketing of their programs in Turkey over 50y.[\/vc_column_text][\/vc_column][vc_column width=&#8221;1\/3&#8243; rt_bg_effect=&#8221;classic&#8221; rt_bg_image_repeat=&#8221;repeat&#8221; rt_bg_size=&#8221;auto auto&#8221; rt_bg_position=&#8221;right top&#8221; rt_bg_attachment=&#8221;scroll&#8221;][vc_single_image image=&#8221;8596&#8243; img_size=&#8221;full&#8221;][rt_heading style=&#8221;style-1&#8243; size=&#8221;h3&#8243; font_color_type=&#8221;primary&#8221; font=&#8221;&#8221; custom_font_size=&#8221;&#8221; link=&#8221;&#8221; link_open=&#8221;_self&#8221; rt_class=&#8221;rt-6729475&#8243; punchline=&#8221;&#8221;]OUR VISION[\/rt_heading][vc_column_text]To bring our specialized teams together with our valuable customers; The most rational, simple and accurate project is to present to you. To be a company that provides reliable solutions in all conditions to its customers by targeting business excellence ..[\/vc_column_text][\/vc_column][vc_column width=&#8221;1\/3&#8243; rt_bg_effect=&#8221;classic&#8221; rt_bg_image_repeat=&#8221;repeat&#8221; rt_bg_size=&#8221;auto auto&#8221; rt_bg_position=&#8221;right top&#8221; rt_bg_attachment=&#8221;scroll&#8221;][vc_single_image image=&#8221;8598&#8243; img_size=&#8221;full&#8221;][rt_heading style=&#8221;style-1&#8243; size=&#8221;h3&#8243; font_color_type=&#8221;primary&#8221; font=&#8221;&#8221; custom_font_size=&#8221;&#8221; link=&#8221;&#8221; link_open=&#8221;_self&#8221; rt_class=&#8221;rt-2139244&#8243; punchline=&#8221;&#8221;]OUR MISSION[\/rt_heading][vc_column_text]To ensure that Optik Medikal is the pioneer in introducing new products including advanced technology to the market and the first choice in meeting the demands and to maximize the service quality of our company. Our aim is to meet customer demands completely and to increase customer satisfaction.[\/vc_column_text][\/vc_column][\/vc_row]<\/p>\n","protected":false},"author":1,"featured_media":0,"parent":0,"menu_order":0,"comment_status":"closed","ping_status":"closed","template":"","meta":{"footnotes":""},"class_list":["post-5242","page","type-page","status-publish","hentry"],"_links":{"self":[{"href":"https:\/\/www.optikmedikal.com\/en\/wp-json\/wp\/v2\/pages\/5242","targetHints":{"allow":["GET"]}}],"collection":[{"href":"https:\/\/www.optikmedikal.com\/en\/wp-json\/wp\/v2\/pages"}],"about":[{"href":"https:\/\/www.optikmedikal.com\/en\/wp-json\/wp\/v2\/types\/page"}],"author":[{"embeddable":true,"href":"https:\/\/www.optikmedikal.com\/en\/wp-json\/wp\/v2\/users\/1"}],"replies":[{"embeddable":true,"href":"https:\/\/www.optikmedikal.com\/en\/wp-json\/wp\/v2\/comments?post=5242"}],"version-history":[{"count":7,"href":"https:\/\/www.optikmedikal.com\/en\/wp-json\/wp\/v2\/pages\/5242\/revisions"}],"predecessor-version":[{"id":9504,"href":"https:\/\/www.optikmedikal.com\/en\/wp-json\/wp\/v2\/pages\/5242\/revisions\/9504"}],"wp:attachment":[{"href":"https:\/\/www.optikmedikal.com\/en\/wp-json\/wp\/v2\/media?parent=5242"}],"curies":[{"name":"wp","href":"https:\/\/api.w.org\/{rel}","templated":true}]}}