{"id":5609,"date":"2019-05-08T10:26:51","date_gmt":"2019-05-08T07:26:51","guid":{"rendered":"http:\/\/www.optikmedikal.com\/urun\/volk-30d\/"},"modified":"2019-10-03T10:52:32","modified_gmt":"2019-10-03T07:52:32","slug":"volk-30d","status":"publish","type":"product","link":"https:\/\/www.optikmedikal.com\/en\/urun\/volk-30d\/","title":{"rendered":"Volk 30D"},"content":{"rendered":"","protected":false},"excerpt":{"rendered":"<p>B\u00f6l\u00fcm # VDGTLHM<br \/>\nBirincil Ba\u015fvuru:<\/p>\n<p>Dijital Y\u00fcksek Mag, merkezi retina, optik sinir ve makula i\u00e7in en y\u00fcksek \u00e7\u00f6z\u00fcn\u00fcrl\u00fck ve en y\u00fcksek b\u00fcy\u00fctme yar\u0131k lamba g\u00f6r\u00fcnt\u00fcleme sa\u011flar. Patentli \u00e7ift asferik cam, d\u00fc\u015f\u00fck da\u011f\u0131l\u0131m ve daha fazlas\u0131.<\/p>\n<p><strong>\u00d6zellikler ve Avantajlar:<\/strong><\/p>\n<ul>\n<li>Patentli \u00e7ift asferik cam optik, geli\u015fmi\u015f g\u00f6r\u00fcnt\u00fcleme sa\u011flar<\/li>\n<li>D\u00fc\u015f\u00fck dispersiyonlu cam, son derece y\u00fcksek \u00e7\u00f6z\u00fcn\u00fcrl\u00fckl\u00fc retinal g\u00f6r\u00fcnt\u00fcleme i\u00e7in renk sapmas\u0131n\u0131 azalt\u0131r<\/li>\n<li>Y\u00fcksek b\u00fcy\u00fctme, sinir lifi tabakas\u0131n\u0131n topografik g\u00f6r\u00fcn\u00fcmlerini sa\u011flar<\/li>\n<li>Ola\u011fan\u00fcst\u00fc stereopsis, optik disk \u015fi\u015fmesi, cupping ve mak\u00fcler ser\u00f6z s\u0131v\u0131n\u0131n tespitine olanak sa\u011flar<\/li>\n<li>E\u015fsiz cam y\u00fczey e\u011frileri ve kaplama, bozulmay\u0131 ve yans\u0131malar\u0131 en aza indirir<\/li>\n<\/ul>\n","protected":false},"featured_media":5747,"template":"","meta":[],"product_brand":[],"product_cat":[129],"product_tag":[],"class_list":{"0":"post-5609","1":"product","2":"type-product","3":"status-publish","4":"has-post-thumbnail","6":"product_cat-indirect-bio-lenses","8":"first","9":"instock","10":"shipping-taxable","11":"product-type-simple"},"_links":{"self":[{"href":"https:\/\/www.optikmedikal.com\/en\/wp-json\/wp\/v2\/product\/5609","targetHints":{"allow":["GET"]}}],"collection":[{"href":"https:\/\/www.optikmedikal.com\/en\/wp-json\/wp\/v2\/product"}],"about":[{"href":"https:\/\/www.optikmedikal.com\/en\/wp-json\/wp\/v2\/types\/product"}],"wp:featuredmedia":[{"embeddable":true,"href":"https:\/\/www.optikmedikal.com\/en\/wp-json\/wp\/v2\/media\/5747"}],"wp:attachment":[{"href":"https:\/\/www.optikmedikal.com\/en\/wp-json\/wp\/v2\/media?parent=5609"}],"wp:term":[{"taxonomy":"product_brand","embeddable":true,"href":"https:\/\/www.optikmedikal.com\/en\/wp-json\/wp\/v2\/product_brand?post=5609"},{"taxonomy":"product_cat","embeddable":true,"href":"https:\/\/www.optikmedikal.com\/en\/wp-json\/wp\/v2\/product_cat?post=5609"},{"taxonomy":"product_tag","embeddable":true,"href":"https:\/\/www.optikmedikal.com\/en\/wp-json\/wp\/v2\/product_tag?post=5609"}],"curies":[{"name":"wp","href":"https:\/\/api.w.org\/{rel}","templated":true}]}}