{"id":9698,"date":"2022-04-11T16:47:33","date_gmt":"2022-04-11T13:47:33","guid":{"rendered":"https:\/\/www.optikmedikal.com\/?post_type=product&#038;p=9698"},"modified":"2022-04-12T11:45:43","modified_gmt":"2022-04-12T08:45:43","slug":"%d0%b0%d0%b2%d1%82%d0%be%d1%80%d0%b5%d1%84%d1%80%d0%b0%d0%ba%d1%82%d0%be%d0%bc%d0%b5%d1%82%d1%80-topcon-kerato-kr-1-rm-1","status":"publish","type":"product","link":"https:\/\/www.optikmedikal.com\/ru\/urun\/%d0%b0%d0%b2%d1%82%d0%be%d1%80%d0%b5%d1%84%d1%80%d0%b0%d0%ba%d1%82%d0%be%d0%bc%d0%b5%d1%82%d1%80-topcon-kerato-kr-1-rm-1\/","title":{"rendered":"\u0410\u0432\u0442\u043e\u0440\u0435\u0444\u0440\u0430\u043a\u0442\u043e\u043c\u0435\u0442\u0440 Topcon Kerato KR-1\/RM-1"},"content":{"rendered":"<p>[vc_row rt_row_background_width=&#187;fullwidth&#187; rt_row_content_width=&#187;default&#187; rt_row_style=&#187;default-style&#187; rt_row_height=&#187;&#187; rt_column_gaps=&#187;&#187; rt_row_shadows=&#187;&#187; rt_row_borders=&#187;&#187; rt_bg_effect=&#187;classic&#187; rt_bg_image_repeat=&#187;repeat&#187; rt_bg_size=&#187;cover&#187; rt_bg_position=&#187;right top&#187; rt_bg_attachment=&#187;scroll&#187; rt_bg_layer=&#187;&#187; rt_bg_video_format=&#187;self-hosted&#187;][vc_column rt_bg_effect=&#187;classic&#187; rt_bg_image_repeat=&#187;repeat&#187; rt_bg_size=&#187;auto auto&#187; rt_bg_position=&#187;right top&#187; rt_bg_attachment=&#187;scroll&#187;][vc_single_image image=&#187;9166&#8243; img_size=&#187;full&#187;][vc_column_text]<\/p>\n<h2>\u0413\u0418\u0411\u041a\u0418\u0419 \u0414\u0418\u0417\u0410\u0419\u041d \u0418 \u042d\u041a\u041e\u041d\u041e\u041c\u0418\u042f \u041f\u0420\u041e\u0421\u0422\u0420\u0410\u041d\u0421\u0422\u0412\u0410<\/h2>\n<p>[\/vc_column_text][\/vc_column][\/vc_row][vc_row rt_row_background_width=&#187;fullwidth&#187; rt_row_content_width=&#187;default&#187; rt_row_style=&#187;default-style&#187; rt_row_height=&#187;&#187; rt_column_gaps=&#187;&#187; rt_row_shadows=&#187;&#187; rt_row_borders=&#187;&#187; rt_bg_effect=&#187;classic&#187; rt_bg_image_repeat=&#187;repeat&#187; rt_bg_size=&#187;cover&#187; rt_bg_position=&#187;right top&#187; rt_bg_attachment=&#187;scroll&#187; rt_bg_layer=&#187;&#187; rt_bg_video_format=&#187;self-hosted&#187;][vc_column width=&#187;1\/2&#8243; rt_bg_effect=&#187;classic&#187; rt_bg_image_repeat=&#187;repeat&#187; rt_bg_size=&#187;auto auto&#187; rt_bg_position=&#187;right top&#187; rt_bg_attachment=&#187;scroll&#187;][vc_single_image image=&#187;8860&#8243; img_size=&#187;full&#187;][\/vc_column][vc_column width=&#187;1\/2&#8243; rt_bg_effect=&#187;classic&#187; rt_bg_image_repeat=&#187;repeat&#187; rt_bg_size=&#187;auto auto&#187; rt_bg_position=&#187;right top&#187; rt_bg_attachment=&#187;scroll&#187;][vc_column_text]\u0443\u043f\u0440\u0430\u0432\u043b\u044f\u0435\u043c\u0430\u044f \u043f\u0430\u043d\u0435\u043b\u044c \u0443\u043f\u0440\u0430\u0432\u043b\u0435\u043d\u0438\u044f \u043f\u043e\u0437\u0432\u043e\u043b\u044f\u0435\u0442 \u043e\u043f\u0435\u0440\u0430\u0442\u043e\u0440\u0443 \u0443\u043f\u0440\u0430\u0432\u043b\u044f\u0442\u044c \u043f\u0430\u0446\u0438\u0435\u043d\u0442\u043e\u043c, \u043c\u043e\u0436\u0435\u0442 \u0443\u043f\u0440\u0430\u0432\u043b\u044f\u0442\u044c\u0441\u044f \u0447\u0435\u0440\u0435\u0437 \u043f\u0430\u043d\u0435\u043b\u044c \u0443\u043f\u0440\u0430\u0432\u043b\u0435\u043d\u0438\u044f. \u041e\u043d \u043e\u0442\u0434\u0430\u0435\u0442 \u043f\u0440\u0438\u043e\u0440\u0438\u0442\u0435\u0442 \u043e\u0431\u0435\u0441\u043f\u0435\u0447\u0435\u043d\u0438\u044e \u0434\u043e\u0441\u0442\u0430\u0442\u043e\u0447\u043d\u043e\u0433\u043e \u043e\u0431\u043e\u0440\u0443\u0434\u043e\u0432\u0430\u043d\u0438\u044f \u0441 \u0442\u043e\u0447\u043a\u0438 \u0437\u0440\u0435\u043d\u0438\u044f \u0434\u0438\u0437\u0430\u0439\u043d\u0430 \u0441\u0432\u0435\u0440\u0445\u0443, \u0441\u0432\u0435\u0440\u0445\u0443, \u0441\u0432\u0435\u0440\u0445\u0443. \u042d\u0442\u0438 \u0438\u0434\u0438\u043e\u0441\u0438\u043d\u043a\u0440\u0430\u0437\u0438\u0447\u0435\u0441\u043a\u0438\u0435 \u0430\u0441\u043f\u0435\u043a\u0442\u044b \u043d\u0435 \u0431\u0443\u0434\u0443\u0442 \u043e\u0431\u043d\u0430\u0440\u0443\u0436\u0435\u043d\u044b \u0442\u0430\u043a\u0438\u043c \u043e\u0431\u0440\u0430\u0437\u043e\u043c, \u0447\u0442\u043e\u0431\u044b \u043e\u043d\u0438 \u043d\u0435 \u043c\u043e\u0433\u043b\u0438 \u0443\u0447\u0438\u0442\u044c\u0441\u044f \u043d\u0430 \u0442\u0440\u0435\u043d\u0438\u0440\u043e\u0432\u043a\u0435 \u0433\u043b\u0430\u0437 \u0438 \u0431\u044b\u0442\u044c \u0433\u0438\u0431\u043a\u0438\u043c\u0438.<\/p>\n<ul>\n<li>\u0411\u043e\u043a\u043e\u0432\u043e\u0435 \u043f\u043e\u043b\u043e\u0436\u0435\u043d\u0438\u0435<\/li>\n<li>\u0437\u0430\u0434\u043d\u044f\u044f \u0441\u0438\u0441\u0442\u0435\u043c\u0430<\/li>\n<li>\u041f\u0435\u0440\u0435\u0434\u043d\u0435\u0435 \u043f\u043e\u043b\u043e\u0436\u0435\u043d\u0438\u0435 (\u043f\u043e\u0441\u0442\u043e\u044f\u043d\u043d\u043e\u0435)<\/li>\n<li>\u0424\u0440\u043e\u043d\u0442\u0430\u043b\u044c\u043d\u0430\u044f \u0441\u0438\u0441\u0442\u0435\u043c\u0430 (\u0441\u0438\u0434\u044f)<\/li>\n<\/ul>\n<p>[\/vc_column_text][\/vc_column][\/vc_row][vc_row rt_row_background_width=&#187;fullwidth&#187; rt_row_content_width=&#187;default&#187; rt_row_style=&#187;default-style&#187; rt_row_height=&#187;&#187; rt_column_gaps=&#187;&#187; rt_row_shadows=&#187;&#187; rt_row_borders=&#187;&#187; rt_bg_effect=&#187;classic&#187; rt_bg_image_repeat=&#187;repeat&#187; rt_bg_size=&#187;cover&#187; rt_bg_position=&#187;right top&#187; rt_bg_attachment=&#187;scroll&#187; rt_bg_layer=&#187;&#187; rt_bg_video_format=&#187;self-hosted&#187;][vc_column rt_bg_effect=&#187;classic&#187; rt_bg_image_repeat=&#187;repeat&#187; rt_bg_size=&#187;auto auto&#187; rt_bg_position=&#187;right top&#187; rt_bg_attachment=&#187;scroll&#187;][vc_column_text]<strong>\u041d\u041e\u0412\u042b\u0419 \u041a\u041e\u041c\u041f\u0410\u041a\u0422\u041d\u042b\u0419 \u042d\u0420\u0413\u041e\u041d\u041e\u041c\u0418\u0427\u041d\u042b\u0419 \u0414\u0418\u0417\u0410\u0419\u041d<\/strong>[\/vc_column_text][\/vc_column][\/vc_row][vc_row rt_row_background_width=&#187;fullwidth&#187; rt_row_content_width=&#187;default&#187; rt_row_style=&#187;default-style&#187; rt_row_height=&#187;&#187; rt_column_gaps=&#187;&#187; rt_row_shadows=&#187;&#187; rt_row_borders=&#187;&#187; rt_bg_effect=&#187;classic&#187; rt_bg_image_repeat=&#187;repeat&#187; rt_bg_size=&#187;cover&#187; rt_bg_position=&#187;right top&#187; rt_bg_attachment=&#187;scroll&#187; rt_bg_layer=&#187;&#187; rt_bg_video_format=&#187;self-hosted&#187;][vc_column width=&#187;1\/2&#8243; rt_bg_effect=&#187;classic&#187; rt_bg_image_repeat=&#187;repeat&#187; rt_bg_size=&#187;auto auto&#187; rt_bg_position=&#187;right top&#187; rt_bg_attachment=&#187;scroll&#187;][vc_column_text]\u041d\u043e\u0432\u044b\u0439 \u044d\u0440\u0433\u043e\u043d\u043e\u043c\u0438\u0447\u043d\u044b\u0439 \u0434\u0438\u0437\u0430\u0439\u043d \u0430\u0432\u0442\u043e\u043a\u0435\u0440\u0430\u0442\u043e\u0440\u0435\u0444\u0440\u0430\u043a\u0442\u043e\u043c\u0435\u0442\u0440\u0430 KR-1 \u043f\u043e\u0432\u044b\u0448\u0430\u0435\u0442 \u043a\u043e\u043c\u0444\u043e\u0440\u0442 \u043f\u0430\u0446\u0438\u0435\u043d\u0442\u0430 \u0431\u043b\u0430\u0433\u043e\u0434\u0430\u0440\u044f \u0444\u0438\u0437\u0438\u043e\u043b\u043e\u0433\u0438\u0447\u0435\u0441\u043a\u043e\u043c\u0443 \u043d\u0430\u043a\u043b\u043e\u043d\u0443 \u043e\u043f\u0442\u0438\u0447\u0435\u0441\u043a\u043e\u0439 \u043e\u0441\u0438 \u043d\u0430 5\u00ba \u0432\u043d\u0438\u0437. \u041a\u043e\u043c\u043f\u0430\u043a\u0442\u043d\u044b\u0439 \u043a\u043e\u0440\u043f\u0443\u0441 KR-1 \u0438 \u043e\u0431\u043d\u043e\u0432\u043b\u0435\u043d\u043d\u0430\u044f \u0444\u043e\u0440\u043c\u0430 \u043f\u043e\u0434\u0431\u043e\u0440\u043e\u0434\u043d\u0438\u043a\u0430 \u0432 \u0441\u0432\u043e\u044e \u043e\u0447\u0435\u0440\u0435\u0434\u044c \u043e\u0431\u0435\u0441\u043f\u0435\u0447\u0438\u0432\u0430\u044e\u0442 \u0443\u0434\u043e\u0431\u043d\u043e\u0435 \u0432\u0437\u0430\u0438\u043c\u043e\u0434\u0435\u0439\u0441\u0442\u0432\u0438\u0435 \u0432\u0440\u0430\u0447\u0430 \u0441 \u043f\u0430\u0446\u0438\u0435\u043d\u0442\u043e\u043c.<\/p>\n<p>\u041e\u0440\u0438\u0433\u0438\u043d\u0430\u043b\u044c\u043d\u043e\u0435 \u0438\u0441\u0441\u043b\u0435\u0434\u043e\u0432\u0430\u043d\u0438\u0435 Topcon[\/vc_column_text][\/vc_column][vc_column width=&#187;1\/2&#8243; rt_bg_effect=&#187;classic&#187; rt_bg_image_repeat=&#187;repeat&#187; rt_bg_size=&#187;auto auto&#187; rt_bg_position=&#187;right top&#187; rt_bg_attachment=&#187;scroll&#187;][vc_single_image image=&#187;8861&#8243; img_size=&#187;full&#187;][\/vc_column][\/vc_row][vc_row rt_row_background_width=&#187;fullwidth&#187; rt_row_content_width=&#187;default&#187; rt_row_style=&#187;default-style&#187; rt_row_height=&#187;&#187; rt_column_gaps=&#187;&#187; rt_row_shadows=&#187;&#187; rt_row_borders=&#187;&#187; rt_bg_effect=&#187;classic&#187; rt_bg_image_repeat=&#187;repeat&#187; rt_bg_size=&#187;cover&#187; rt_bg_position=&#187;right top&#187; rt_bg_attachment=&#187;scroll&#187; rt_bg_layer=&#187;&#187; rt_bg_video_format=&#187;self-hosted&#187;][vc_column rt_bg_effect=&#187;classic&#187; rt_bg_image_repeat=&#187;repeat&#187; rt_bg_size=&#187;auto auto&#187; rt_bg_position=&#187;right top&#187; rt_bg_attachment=&#187;scroll&#187;][vc_column_text]<\/p>\n<h2><strong>\u041f\u0420\u041e\u0421\u0422\u0410\u042f \u0418 \u0411\u042b\u0421\u0422\u0420\u0410\u042f \u042d\u041a\u0421\u041f\u041b\u0423\u0410\u0422\u0410\u0426\u0418\u042f<\/strong><br \/>\n<strong>\u2013 R \/ L \u041f\u041e\u041b\u041d\u041e\u0421\u0422\u042c\u042e \u0410\u0412\u0422\u041e\u041c\u0410\u0422\u0418\u0427\u0415\u0421\u041a\u041e\u0415 \u0418\u0417\u041c\u0415\u0420\u0415\u041d\u0418\u0415 \u2013<\/strong><\/h2>\n<p>[\/vc_column_text][vc_column_text]\u041f\u043e\u043b\u043d\u043e\u0441\u0442\u044c\u044e \u0430\u0432\u0442\u043e\u043c\u0430\u0442\u0438\u0447\u0435\u0441\u043a\u0430\u044f \u0440\u0430\u0431\u043e\u0442\u0430 KR-1 \u0432\u044b\u0432\u043e\u0434\u0438\u0442 \u043a\u043e\u043c\u0444\u043e\u0440\u0442 \u0438\u0437\u043c\u0435\u0440\u0435\u043d\u0438\u044f \u043d\u0430 \u043d\u043e\u0432\u044b\u0439 \u0443\u0440\u043e\u0432\u0435\u043d\u044c. \u041f\u0440\u043e\u0441\u0442\u043e \u043a\u043e\u0441\u043d\u0438\u0442\u0435\u0441\u044c \u0446\u0435\u043d\u0442\u0440\u0430 \u0437\u0440\u0430\u0447\u043a\u0430 \u043d\u0430 \u0441\u0435\u043d\u0441\u043e\u0440\u043d\u043e\u0439 \u043f\u0430\u043d\u0435\u043b\u0438 \u0443\u043f\u0440\u0430\u0432\u043b\u0435\u043d\u0438\u044f, \u0438 KR-1 \u0430\u0432\u0442\u043e\u043c\u0430\u0442\u0438\u0447\u0435\u0441\u043a\u0438 \u0430\u0432\u0442\u043e\u043c\u0430\u0442\u0438\u0447\u0435\u0441\u043a\u0438 \u043f\u043e\u043b\u0443\u0447\u0438\u0442 \u0438\u043d\u0444\u043e\u0440\u043c\u0430\u0446\u0438\u044e \u043e \u043f\u0440\u0430\u0432\u043e\u043c \u0438 \u043b\u0435\u0432\u043e\u043c \u0433\u043b\u0430\u0437\u0435. KR-1 \u043f\u0440\u0435\u0434\u043b\u0430\u0433\u0430\u0435\u0442 \u0438\u043d\u043d\u043e\u0432\u0430\u0446\u0438\u043e\u043d\u043d\u044b\u0439 \u043e\u043f\u044b\u0442 \u0443\u043f\u0440\u0430\u0432\u043b\u0435\u043d\u0438\u044f \u0438 \u043f\u043e\u043b\u043d\u043e\u0441\u0442\u044c\u044e \u0443\u0441\u0442\u0440\u0430\u043d\u044f\u0435\u0442 \u043d\u0435\u043e\u0431\u0445\u043e\u0434\u0438\u043c\u043e\u0441\u0442\u044c \u0432 \u0434\u0436\u043e\u0439\u0441\u0442\u0438\u043a\u0435.[\/vc_column_text][vc_single_image image=&#187;8862&#8243; img_size=&#187;full&#187;][vc_column_text]<\/p>\n<h2>\u041f\u041e\u0412\u041e\u0420\u041e\u0422\u041d\u0410\u042f \u041f\u0420\u0418\u0417\u041c\u0410 \u0418\u0417\u041c\u0415\u0420\u0418\u0422\u0415\u041b\u042c\u041d\u0410\u042f \u0421\u0418\u0421\u0422\u0415\u041c\u0410<\/h2>\n<p>[\/vc_column_text][\/vc_column][\/vc_row][vc_row rt_row_background_width=&#187;fullwidth&#187; rt_row_content_width=&#187;default&#187; rt_row_style=&#187;default-style&#187; rt_row_height=&#187;&#187; rt_column_gaps=&#187;&#187; rt_row_shadows=&#187;&#187; rt_row_borders=&#187;&#187; rt_bg_effect=&#187;classic&#187; rt_bg_image_repeat=&#187;repeat&#187; rt_bg_size=&#187;cover&#187; rt_bg_position=&#187;right top&#187; rt_bg_attachment=&#187;scroll&#187; rt_bg_layer=&#187;&#187; rt_bg_video_format=&#187;self-hosted&#187;][vc_column width=&#187;1\/2&#8243; rt_bg_effect=&#187;classic&#187; rt_bg_image_repeat=&#187;repeat&#187; rt_bg_size=&#187;auto auto&#187; rt_bg_position=&#187;right top&#187; rt_bg_attachment=&#187;scroll&#187;][vc_single_image image=&#187;8863&#8243; img_size=&#187;full&#187;][\/vc_column][vc_column width=&#187;1\/2&#8243; rt_bg_effect=&#187;classic&#187; rt_bg_image_repeat=&#187;repeat&#187; rt_bg_size=&#187;auto auto&#187; rt_bg_position=&#187;right top&#187; rt_bg_attachment=&#187;scroll&#187;][vc_column_text]\u0411\u043b\u0430\u0433\u043e\u0434\u0430\u0440\u044f \u0443\u043d\u0438\u043a\u0430\u043b\u044c\u043d\u043e\u0439 \u0442\u0435\u0445\u043d\u043e\u043b\u043e\u0433\u0438\u0438 Rotary Prism, \u0440\u0430\u0437\u0440\u0430\u0431\u043e\u0442\u0430\u043d\u043d\u043e\u0439 \u043a\u043e\u043c\u043f\u0430\u043d\u0438\u0435\u0439 Topcon, \u0430\u0432\u0442\u043e\u043a\u0435\u0440\u0430\u0442\u043e\u0440\u0435\u0444\u0440\u0430\u043a\u0442\u043e\u043c\u0435\u0442\u0440 KR-1 \u043e\u0431\u0435\u0441\u043f\u0435\u0447\u0438\u0432\u0430\u0435\u0442 \u043d\u0435\u043f\u0440\u0435\u0432\u0437\u043e\u0439\u0434\u0435\u043d\u043d\u0443\u044e \u0442\u043e\u0447\u043d\u043e\u0441\u0442\u044c \u0438 \u043d\u0430\u0434\u0435\u0436\u043d\u043e\u0441\u0442\u044c \u0434\u0430\u043d\u043d\u044b\u0445. KR-1 \u043c\u043e\u0436\u0435\u0442 \u043f\u0440\u043e\u0432\u043e\u0434\u0438\u0442\u044c \u0438\u0437\u043c\u0435\u0440\u0435\u043d\u0438\u044f \u043d\u0430 \u0437\u0440\u0430\u0447\u043a\u0435 \u0434\u0438\u0430\u043c\u0435\u0442\u0440\u043e\u043c \u043e\u0442 2\u043c\u043c.[\/vc_column_text][\/vc_column][\/vc_row]<\/p>\n","protected":false},"excerpt":{"rendered":"<ul>\n<li>\u041f\u0440\u043e\u0441\u0442\u043e\u0435 \u0438 \u0431\u044b\u0441\u0442\u0440\u043e\u0435 \u0443\u043f\u0440\u0430\u0432\u043b\u0435\u043d\u0438\u0435<br \/>\n\u2013 \u0412\u041f\u0420\u0410\u0412\u041e\/\u0412\u041b\u0415\u0412\u041e (R\/L) \u043f\u043e\u043b\u043d\u043e\u0441\u0442\u044c\u044e \u0430\u0432\u0442\u043e\u043c\u0430\u0442\u0438\u0447\u0435\u0441\u043a\u043e\u0435 \u0438\u0437\u043c\u0435\u0440\u0435\u043d\u0438\u0435 \u0438 \u043f\u0435\u0440\u0435\u043a\u043b\u044e\u0447\u0435\u043d\u0438\u0435<\/li>\n<li>\u041f\u0430\u043d\u0435\u043b\u044c \u0443\u043f\u0440\u0430\u0432\u043b\u0435\u043d\u0438\u044f \u041f\u0440\u043e\u0441\u0442\u0430\u044f \u0432 \u0438\u0441\u043f\u043e\u043b\u044c\u0437\u043e\u0432\u0430\u043d\u0438\u0438 \u0426\u0432\u0435\u0442\u043d\u043e\u0439 \u0438 \u0441\u0435\u043d\u0441\u043e\u0440\u043d\u044b\u0439 \u044d\u043a\u0440\u0430\u043d<br \/>\n\u2013 \u0421\u0435\u043d\u0441\u043e\u0440\u043d\u0430\u044f \u043f\u0430\u043d\u0435\u043b\u044c \u0443\u043f\u0440\u0430\u0432\u043b\u0435\u043d\u0438\u044f \u0443\u0441\u0442\u0440\u0430\u043d\u044f\u0435\u0442 \u043d\u0435\u043e\u0431\u0445\u043e\u0434\u0438\u043c\u043e\u0441\u0442\u044c \u0432 \u0434\u0436\u043e\u0439\u0441\u0442\u0438\u043a\u0435<\/li>\n<li>\u0413\u0438\u0431\u043a\u0430\u044f \u0438 \u043a\u043e\u043c\u043f\u0430\u043a\u0442\u043d\u0430\u044f \u043a\u043e\u043c\u043f\u043e\u043d\u043e\u0432\u043a\u0430<br \/>\n\u2013 \u0420\u0435\u0433\u0443\u043b\u0438\u0440\u0443\u0435\u043c\u0430\u044f \u043f\u0430\u043d\u0435\u043b\u044c \u0443\u043f\u0440\u0430\u0432\u043b\u0435\u043d\u0438\u044f \u043c\u043e\u0436\u0435\u0442 \u043f\u043e\u0432\u043e\u0440\u0430\u0447\u0438\u0432\u0430\u0442\u044c\u0441\u044f \u0432 \u043b\u044e\u0431\u043e\u043c \u043d\u0430\u043f\u0440\u0430\u0432\u043b\u0435\u043d\u0438\u0438<\/li>\n<li>\u041d\u043e\u0432\u044b\u0439 \u043a\u043e\u043c\u043f\u0430\u043a\u0442\u043d\u044b\u0439 \u0438 \u044d\u0440\u0433\u043e\u043d\u043e\u043c\u0438\u0447\u043d\u044b\u0439 \u0434\u0438\u0437\u0430\u0439\u043d<br \/>\n\u2013 \u042d\u0440\u0433\u043e\u043d\u043e\u043c\u0438\u0447\u043d\u044b\u0439 \u0434\u0438\u0437\u0430\u0439\u043d \u043e\u043f\u0442\u0438\u0447\u0435\u0441\u043a\u043e\u0439 \u0433\u043e\u043b\u043e\u0432\u043a\u0438 \u0438\/\u0438\u043b\u0438 \u043f\u043e\u0434\u0431\u043e\u0440\u043e\u0434\u043a\u0430<br \/>\n&#8212; \u041a\u043e\u043c\u043f\u0430\u043a\u0442\u043d\u044b\u0439 \u043a\u043e\u0440\u043f\u0443\u0441<\/li>\n<li>\u041d\u0430\u0434\u0435\u0436\u043d\u043e\u0435 \u0438\u0437\u043c\u0435\u0440\u0435\u043d\u0438\u0435<br \/>\n\u2013 \u0422\u0435\u0445\u043d\u043e\u043b\u043e\u0433\u0438\u044f \u0432\u0440\u0430\u0449\u0430\u044e\u0449\u0438\u0445\u0441\u044f \u043f\u0440\u0438\u0437\u043c Topcon \u0434\u043b\u044f \u043d\u0430\u0434\u0435\u0436\u043d\u044b\u0445 \u0438 \u0432\u043e\u0441\u043f\u0440\u043e\u0438\u0437\u0432\u043e\u0434\u0438\u043c\u044b\u0445 \u0440\u0435\u0437\u0443\u043b\u044c\u0442\u0430\u0442\u043e\u0432<br \/>\n\u2013 G\u00fcvenilir ve tekrarlanabilir sonu\u00e7lar i\u00e7in Topcon Rotary Prism Teknolojisi<\/li>\n<\/ul>\n","protected":false},"featured_media":8858,"template":"","meta":[],"product_brand":[],"product_cat":[319],"product_tag":[],"class_list":{"0":"post-9698","1":"product","2":"type-product","3":"status-publish","4":"has-post-thumbnail","6":"product_cat-319","8":"first","9":"instock","10":"shipping-taxable","11":"product-type-simple"},"_links":{"self":[{"href":"https:\/\/www.optikmedikal.com\/ru\/wp-json\/wp\/v2\/product\/9698","targetHints":{"allow":["GET"]}}],"collection":[{"href":"https:\/\/www.optikmedikal.com\/ru\/wp-json\/wp\/v2\/product"}],"about":[{"href":"https:\/\/www.optikmedikal.com\/ru\/wp-json\/wp\/v2\/types\/product"}],"wp:featuredmedia":[{"embeddable":true,"href":"https:\/\/www.optikmedikal.com\/ru\/wp-json\/wp\/v2\/media\/8858"}],"wp:attachment":[{"href":"https:\/\/www.optikmedikal.com\/ru\/wp-json\/wp\/v2\/media?parent=9698"}],"wp:term":[{"taxonomy":"product_brand","embeddable":true,"href":"https:\/\/www.optikmedikal.com\/ru\/wp-json\/wp\/v2\/product_brand?post=9698"},{"taxonomy":"product_cat","embeddable":true,"href":"https:\/\/www.optikmedikal.com\/ru\/wp-json\/wp\/v2\/product_cat?post=9698"},{"taxonomy":"product_tag","embeddable":true,"href":"https:\/\/www.optikmedikal.com\/ru\/wp-json\/wp\/v2\/product_tag?post=9698"}],"curies":[{"name":"wp","href":"https:\/\/api.w.org\/{rel}","templated":true}]}}